{"id":2265,"date":"2024-01-16T20:33:39","date_gmt":"2024-01-16T19:33:39","guid":{"rendered":"http:\/\/cinnamondrop.com\/?page_id=2265"},"modified":"2024-01-16T20:33:39","modified_gmt":"2024-01-16T19:33:39","slug":"mentions-legales","status":"publish","type":"page","link":"https:\/\/cinnamondrop.com\/index.php\/mentions-legales\/","title":{"rendered":"Mentions L\u00e9gales"},"content":{"rendered":"<p>[et_pb_section fb_built=&#8221;1&#8243; _builder_version=&#8221;4.23.1&#8243; _module_preset=&#8221;default&#8221; background_image=&#8221;https:\/\/cinnamondrop.com\/wp-content\/uploads\/2024\/01\/Quotes-template.png&#8221; parallax=&#8221;on&#8221; global_colors_info=&#8221;{}&#8221;][et_pb_row _builder_version=&#8221;4.23.1&#8243; _module_preset=&#8221;default&#8221; global_colors_info=&#8221;{}&#8221;][et_pb_column type=&#8221;4_4&#8243; _builder_version=&#8221;4.23.1&#8243; _module_preset=&#8221;default&#8221; global_colors_info=&#8221;{}&#8221;][et_pb_text _builder_version=&#8221;4.23.1&#8243; _module_preset=&#8221;default&#8221; hover_enabled=&#8221;0&#8243; global_colors_info=&#8221;{}&#8221; sticky_enabled=&#8221;0&#8243;]<\/p>\n<h1 style=\"text-align: center;\">Mentions L\u00e9gales<\/h1>\n<p>[\/et_pb_text][et_pb_text _builder_version=&#8221;4.23.1&#8243; _module_preset=&#8221;default&#8221; hover_enabled=&#8221;0&#8243; global_colors_info=&#8221;{}&#8221; background_color=&#8221;rgba(255,248,231,0.49)&#8221; custom_margin=&#8221;|26px||71px|false|false&#8221; custom_padding=&#8221;|51px||326px|false|false&#8221; sticky_enabled=&#8221;0&#8243;]<\/p>\n<p style=\"text-align: left;\"><strong>Soci\u00e9t\u00e9<\/strong><br \/>D\u00e9nomination sociale : Cannelle Mazaniello<br \/>Adresse du si\u00e8ge social : 7 rue Jean Mac\u00e9, 94120 Fontenay Sous Bois<br \/>Adresse mail :<span>\u00a0<\/span><a href=\"mailto:agns.studio@gmail.com\">content@cinnamondrop.fr<\/a><br \/>Cat\u00e9gorie juridique : Micro-entreprise<br \/>N\u00b0SIRET : 83258784400016<\/p>\n<p>Responsable du site et de la r\u00e9daction : Cannelle Mazaniello<\/p>\n<p>Identit\u00e9 visuelle : Cannelle Mazaniello<\/p>\n<p>Photographies et Vid\u00e9os : Cannelle Mazaniello<\/p>\n<p>&nbsp;<\/p>\n<p><strong>H\u00e9bergeur web<\/strong><br \/>D\u00e9nomination sociale : OVH<br \/>Adresse du si\u00e8ge : 2 rue Kellermann \u2013 59100 Roubaix \u2013 France<\/p>\n<p>[\/et_pb_text][\/et_pb_column][\/et_pb_row][\/et_pb_section]<\/p>\n","protected":false},"excerpt":{"rendered":"<p>Mentions L\u00e9galesSoci\u00e9t\u00e9D\u00e9nomination sociale : Cannelle MazanielloAdresse du si\u00e8ge social : 7 rue Jean Mac\u00e9, 94120 Fontenay Sous BoisAdresse mail :\u00a0content@cinnamondrop.frCat\u00e9gorie juridique : Micro-entrepriseN\u00b0SIRET : 83258784400016 Responsable du site et de la r\u00e9daction : Cannelle Mazaniello Identit\u00e9 visuelle : Cannelle Mazaniello Photographies et Vid\u00e9os : Cannelle Mazaniello &nbsp; H\u00e9bergeur webD\u00e9nomination sociale : OVHAdresse du si\u00e8ge : [&hellip;]<\/p>\n","protected":false},"author":1,"featured_media":0,"parent":0,"menu_order":0,"comment_status":"closed","ping_status":"closed","template":"","meta":{"_et_pb_use_builder":"on","_et_pb_old_content":"","_et_gb_content_width":"","_monsterinsights_skip_tracking":false,"_monsterinsights_sitenote_active":false,"_monsterinsights_sitenote_note":"","_monsterinsights_sitenote_category":0,"footnotes":""},"class_list":["post-2265","page","type-page","status-publish","hentry"],"jetpack_sharing_enabled":true,"_links":{"self":[{"href":"https:\/\/cinnamondrop.com\/index.php\/wp-json\/wp\/v2\/pages\/2265","targetHints":{"allow":["GET"]}}],"collection":[{"href":"https:\/\/cinnamondrop.com\/index.php\/wp-json\/wp\/v2\/pages"}],"about":[{"href":"https:\/\/cinnamondrop.com\/index.php\/wp-json\/wp\/v2\/types\/page"}],"author":[{"embeddable":true,"href":"https:\/\/cinnamondrop.com\/index.php\/wp-json\/wp\/v2\/users\/1"}],"replies":[{"embeddable":true,"href":"https:\/\/cinnamondrop.com\/index.php\/wp-json\/wp\/v2\/comments?post=2265"}],"version-history":[{"count":3,"href":"https:\/\/cinnamondrop.com\/index.php\/wp-json\/wp\/v2\/pages\/2265\/revisions"}],"predecessor-version":[{"id":2284,"href":"https:\/\/cinnamondrop.com\/index.php\/wp-json\/wp\/v2\/pages\/2265\/revisions\/2284"}],"wp:attachment":[{"href":"https:\/\/cinnamondrop.com\/index.php\/wp-json\/wp\/v2\/media?parent=2265"}],"curies":[{"name":"wp","href":"https:\/\/api.w.org\/{rel}","templated":true}]}}