{"id":2273,"date":"2024-01-16T16:04:57","date_gmt":"2024-01-16T15:04:57","guid":{"rendered":"http:\/\/cinnamondrop.com\/?page_id=2273"},"modified":"2024-01-16T20:27:56","modified_gmt":"2024-01-16T19:27:56","slug":"licence-commerciale","status":"publish","type":"page","link":"https:\/\/cinnamondrop.com\/index.php\/licence-commerciale\/","title":{"rendered":"Licence Commerciale"},"content":{"rendered":"<p>[et_pb_section fb_built=&#8221;1&#8243; _builder_version=&#8221;4.23.1&#8243; _module_preset=&#8221;default&#8221; background_image=&#8221;https:\/\/cinnamondrop.com\/wp-content\/uploads\/2023\/12\/Ginger-9.png&#8221; global_colors_info=&#8221;{}&#8221;][et_pb_row _builder_version=&#8221;4.23.1&#8243; _module_preset=&#8221;default&#8221; global_colors_info=&#8221;{}&#8221;][et_pb_column type=&#8221;4_4&#8243; _builder_version=&#8221;4.23.1&#8243; _module_preset=&#8221;default&#8221; global_colors_info=&#8221;{}&#8221;][et_pb_text _builder_version=&#8221;4.23.1&#8243; _module_preset=&#8221;default&#8221; global_colors_info=&#8221;{}&#8221;]<\/p>\n<h1 style=\"text-align: center;\">Licence Commerciale<\/h1>\n<p>[\/et_pb_text][et_pb_text _builder_version=&#8221;4.23.1&#8243; _module_preset=&#8221;default&#8221; text_font_size=&#8221;18px&#8221; text_line_height=&#8221;1.8em&#8221; background_color=&#8221;#FFF8E7&#8243; custom_padding=&#8221;24px|71px|25px|80px|false|false&#8221; global_colors_info=&#8221;{}&#8221;]<\/p>\n<p><span>Sous r\u00e9serve de nos Conditions d&#8217;utilisation (CGV) et de notre Politiques de confidencialit\u00e9, Nous vous accordons une licence limit\u00e9e, personnelle, commerciale, non exclusive, non transf\u00e9rable et r\u00e9vocable pour utiliser Nos Services\/Produits.\u00a0Vous pouvez utiliser nos produits pour votre usage personnel et commercial, y compris pour une utilisation sur des sites Web, des vid\u00e9os, des r\u00e9seaux sociaux et d&#8217;autres m\u00e9dias.\u00a0<\/span><\/p>\n<p>&nbsp;<\/p>\n<p><span>Vous acceptez \u00e9galement de ne pas partager l\u2019acc\u00e8s \u00e0 vos t\u00e9l\u00e9chargements avec un tiers.\u00a0<\/span><\/p>\n<p>&nbsp;<\/p>\n<p><span>L\u2019utilisation de nos services\/produits ne vous conf\u00e8re pas la propri\u00e9t\u00e9 ni aucun droit de propri\u00e9t\u00e9 intellectuelle sur nos services ou le ou les produits auxquels vous acc\u00e9dez moyennant des frais pay\u00e9s via notre site Web.\u00a0Il vous est interdit de redistribuer ou de revendre le(s) produit(s), vid\u00e9os et\/ou photos.\u00a0Nous nous r\u00e9servons le droit de r\u00e9voquer votre licence d&#8217;utilisation du ou des produits, vid\u00e9o et\/ou photo, \u00e0 tout moment, pour quelque raison que ce soit.\u00a0<\/span><\/p>\n<p><span>\u200d<\/span><\/p>\n<p><span>En effectueant un acaht sur le site cinnamondrop.com, vous acceptez ces conditions de licence.<\/span><\/p>\n<p>[\/et_pb_text][\/et_pb_column][\/et_pb_row][\/et_pb_section]<\/p>\n","protected":false},"excerpt":{"rendered":"<p>Licence CommercialeSous r\u00e9serve de nos Conditions d&#8217;utilisation (CGV) et de notre Politiques de confidencialit\u00e9, Nous vous accordons une licence limit\u00e9e, personnelle, commerciale, non exclusive, non transf\u00e9rable et r\u00e9vocable pour utiliser Nos Services\/Produits.\u00a0Vous pouvez utiliser nos produits pour votre usage personnel et commercial, y compris pour une utilisation sur des sites Web, des vid\u00e9os, des r\u00e9seaux [&hellip;]<\/p>\n","protected":false},"author":1,"featured_media":0,"parent":0,"menu_order":0,"comment_status":"closed","ping_status":"closed","template":"","meta":{"_et_pb_use_builder":"on","_et_pb_old_content":"","_et_gb_content_width":"","_monsterinsights_skip_tracking":false,"_monsterinsights_sitenote_active":false,"_monsterinsights_sitenote_note":"","_monsterinsights_sitenote_category":0,"footnotes":""},"class_list":["post-2273","page","type-page","status-publish","hentry"],"jetpack_sharing_enabled":true,"_links":{"self":[{"href":"https:\/\/cinnamondrop.com\/index.php\/wp-json\/wp\/v2\/pages\/2273","targetHints":{"allow":["GET"]}}],"collection":[{"href":"https:\/\/cinnamondrop.com\/index.php\/wp-json\/wp\/v2\/pages"}],"about":[{"href":"https:\/\/cinnamondrop.com\/index.php\/wp-json\/wp\/v2\/types\/page"}],"author":[{"embeddable":true,"href":"https:\/\/cinnamondrop.com\/index.php\/wp-json\/wp\/v2\/users\/1"}],"replies":[{"embeddable":true,"href":"https:\/\/cinnamondrop.com\/index.php\/wp-json\/wp\/v2\/comments?post=2273"}],"version-history":[{"count":3,"href":"https:\/\/cinnamondrop.com\/index.php\/wp-json\/wp\/v2\/pages\/2273\/revisions"}],"predecessor-version":[{"id":2283,"href":"https:\/\/cinnamondrop.com\/index.php\/wp-json\/wp\/v2\/pages\/2273\/revisions\/2283"}],"wp:attachment":[{"href":"https:\/\/cinnamondrop.com\/index.php\/wp-json\/wp\/v2\/media?parent=2273"}],"curies":[{"name":"wp","href":"https:\/\/api.w.org\/{rel}","templated":true}]}}