{"id":2277,"date":"2024-01-16T17:08:45","date_gmt":"2024-01-16T16:08:45","guid":{"rendered":"http:\/\/cinnamondrop.com\/?page_id=2277"},"modified":"2024-01-16T20:26:53","modified_gmt":"2024-01-16T19:26:53","slug":"cgv","status":"publish","type":"page","link":"https:\/\/cinnamondrop.com\/index.php\/cgv\/","title":{"rendered":"CGV"},"content":{"rendered":"<p>[et_pb_section fb_built=&#8221;1&#8243; _builder_version=&#8221;4.23.1&#8243; _module_preset=&#8221;default&#8221; background_image=&#8221;https:\/\/cinnamondrop.com\/wp-content\/uploads\/2023\/12\/Ginger-9.png&#8221; parallax=&#8221;on&#8221; global_colors_info=&#8221;{}&#8221;][et_pb_row _builder_version=&#8221;4.23.1&#8243; _module_preset=&#8221;default&#8221; global_colors_info=&#8221;{}&#8221;][et_pb_column type=&#8221;4_4&#8243; _builder_version=&#8221;4.23.1&#8243; _module_preset=&#8221;default&#8221; global_colors_info=&#8221;{}&#8221;][et_pb_text _builder_version=&#8221;4.23.1&#8243; _module_preset=&#8221;default&#8221; global_colors_info=&#8221;{}&#8221;]<\/p>\n<h1 style=\"text-align: center;\">Conditions G\u00e9n\u00e9rales de Vente<\/h1>\n<p>[\/et_pb_text][et_pb_text _builder_version=&#8221;4.23.1&#8243; _module_preset=&#8221;default&#8221; global_colors_info=&#8221;{}&#8221;]<\/p>\n<p>Derni\u00e8re modification : 16 janvier 2024<\/p>\n<p>[\/et_pb_text][et_pb_text _builder_version=&#8221;4.23.1&#8243; _module_preset=&#8221;default&#8221; text_font=&#8221;||||||||&#8221; text_font_size=&#8221;18px&#8221; text_line_height=&#8221;1.8em&#8221; background_color=&#8221;#FFF8E7&#8243; custom_margin=&#8221;|46px||46px|false|false&#8221; custom_padding=&#8221;23px|25px|25px|25px|false|false&#8221; global_colors_info=&#8221;{}&#8221;]<\/p>\n<p style=\"text-align: justify;\"><span>En utilisant ce site Web cinnamondrop.com (\u00ab Site Web \u00bb) et en effectuant un acaht, vous \u00eates pr\u00e9sum\u00e9 avoir lu et accept\u00e9 les termes et conditions suivants :<\/span><\/p>\n<p style=\"text-align: justify;\"><span>La terminologie suivante s&#8217;applique aux pr\u00e9sentes Conditions g\u00e9n\u00e9rales de vente (Conditions), \u00e0 la Politique de confidentialit\u00e9 et \u00e0 tout avis de non-responsabilit\u00e9 et \u00e0 tout ou partie des Accords sur ce site Web : \u00ab Client \u00bb, \u00ab Vous \u00bb, \u00ab Utilisateur \u00bb et \u00ab Votre \u00bb, &#8220;Ton&#8221;, &#8220;Tes&#8221;, &#8220;Tu&#8221;, font r\u00e9f\u00e9rence \u00e0 vous, la personne acc\u00e9dant \u00e0 ce site Web et exploitant nos services\/produits ; \u00ab Compte utilisateur \u00bb ou \u00ab Compte \u00bb d\u00e9signe le compte en ligne g\u00e9r\u00e9 par l&#8217;utilisateur sur le site Web pour b\u00e9n\u00e9ficier des services ; la \u00ab Soci\u00e9t\u00e9 \u00bb, \u00ab Notre \u00bb, \u00ab Nous \u00bb et \u00ab Notre \u00bb font r\u00e9f\u00e9rence \u00e0 notre soci\u00e9t\u00e9, Cinnamon Drop Socials nom commercial de la micro-entreprise de Cannelle Mazaniello. \u00ab Partie \u00bb ou \u00ab Parties \u00bb d\u00e9signe \u00e0 la fois le Client\/Utilisateur et Nous-m\u00eames, ou soit le Client, soit Nous-m\u00eames. \u00ab Produit \u00bb fait r\u00e9f\u00e9rence \u00e0 un produit unique fourni par notre Soci\u00e9t\u00e9 suite \u00e0 votre achat. Toute utilisation ou acc\u00e8s par toute personne de moins de 16 ans est interdit, sauf autorisation des lois de votre pays de r\u00e9sidence, et certaines r\u00e9gions et\/ou produits peuvent avoir des exigences suppl\u00e9mentaires et\/ou <\/span><span>restrictions.\u00a0Tous les droits qui ne vous sont pas express\u00e9ment accord\u00e9s en vertu des pr\u00e9sentes Conditions sont r\u00e9serv\u00e9s \u00e0 la Soci\u00e9t\u00e9.<\/span><\/p>\n<p style=\"text-align: justify;\"><strong><span>Politique de remboursement<\/span><\/strong><\/p>\n<p style=\"text-align: justify;\"><span>En raison de la nature des t\u00e9l\u00e9chargements num\u00e9riques et des produits num\u00e9riques, toutes les ventes sont d\u00e9finitives et nous ne pouvons accepter ni retours ni remboursements.<\/span><\/p>\n<p style=\"text-align: justify;\"><strong><span>Livraison de produits num\u00e9riques<\/span><\/strong><\/p>\n<p style=\"text-align: justify;\">Une fois le paiement termin\u00e9, vous recevrez par mail les fichiers num\u00e9riques acquis. Si vous rencontrez des difficult\u00e9s pour acc\u00e9der aux fichiers ou si vous avez des questions, envoyez-nous un e-mail \u00e0 <a href=\"mailto:content@cinnamondrop.fr\">content@cinnamondrop.fr<\/a> ;<\/p>\n<h4 style=\"text-align: justify;\"><strong>SERVICES\/PRODUIT(S)<\/strong><\/h4>\n<p style=\"text-align: justify;\"><span>Le site Web vous permet d&#8217;acheter des fichiers num\u00e9riques (produit) moyennant des frais.\u00a0Nous pouvons, \u00e0 notre seule discr\u00e9tion, engager de temps \u00e0 autre des prestataires de services tiers pour fournir certains services.\u00a0Chacun de ces achats est destin\u00e9 \u00e0 \u00eatre utilis\u00e9 par une seule personne, sauf indication contraire dans les d\u00e9tails du produit.\u00a0Vous n&#8217;\u00eates pas autoris\u00e9 \u00e0 partager votre achat et\/ou \u00e0 donner acc\u00e8s \u00e0 un tel achat \u00e0 un tiers.\u00a0Veuillez reconna\u00eetre que les produits que nous vous fournissons moyennant des frais pay\u00e9s via notre site Web constituent notre propri\u00e9t\u00e9 intellectuelle et ne peuvent en aucun cas \u00eatre exploit\u00e9s d&#8217;une mani\u00e8re interdite par les pr\u00e9sentes conditions.<\/span><\/p>\n<h3 style=\"text-align: justify;\"><span>CONFIDENTIALIT\u00c9<\/span><\/h3>\n<p style=\"text-align: justify;\"><span>Nous sommes charg\u00e9s de prot\u00e9ger votre vie priv\u00e9e.\u00a0Nous n&#8217;utiliserons que les informations collect\u00e9es aupr\u00e8s de clients individuels, en particulier les adresses e-mail, pour faciliter et livrer les commandes dans le cadre de notre engagement \u00e0 fournir les services que nos clients ont pay\u00e9s.\u00a0De plus, dans la mesure o\u00f9 nous nous effor\u00e7ons de vous fournir de meilleurs produits\/services, nous utiliserons \u00e9galement vos e-mails pour promouvoir nos autres produits\/services.\u00a0Vous pouvez vous d\u00e9sinscrire \u00e0 tout moment en appuyant sur le bouton de d\u00e9sabonnement qui se trouve dans chaque e-mail que nous envoyons.\u00a0Nous examinerons constamment nos syst\u00e8mes et nos donn\u00e9es pour garantir le meilleur service possible \u00e0 nos clients.<\/span><\/p>\n<h3 style=\"text-align: justify;\"><span>SOUTIEN<\/span><\/h3>\n<p style=\"text-align: justify;\"><span>Nous fournirons des services de support client \u00e0 nos utilisateurs. Si vous rencontrez des difficult\u00e9s lors de l&#8217;utilisation de notre produit, veuillez nous en informer en utilisant l&#8217;e-mail suivant : content@cinnamondrop.com avec pour objet \u00ab Aide \u00bb. Cependant, nous ne serons en aucun cas responsables de vos propres probl\u00e8mes techniques, de votre vitesse Internet et d&#8217;autres probl\u00e8mes li\u00e9s \u00e0 votre acc\u00e8s\/appareil\/localisation et nous nous r\u00e9servons le droit de d\u00e9terminer uniquement si une telle difficult\u00e9 existe de notre c\u00f4t\u00e9.<\/span><\/p>\n<h3 style=\"text-align: justify;\"><span>CLAUSE DE NON-RESPONSABILIT\u00c9<\/span><\/h3>\n<p style=\"text-align: justify;\"><span>Les informations pr\u00e9sentes sur ce site Web sont fournies \u00ab\u00a0EN L&#8217;\u00c9TAT\u00a0\u00bb.\u00a0Dans toute la mesure permise par la loi, cette Soci\u00e9t\u00e9\u00a0: (i) exclut toutes les repr\u00e9sentations et garanties relatives \u00e0 ce site Web et \u00e0 son contenu ou qui sont ou peuvent \u00eatre fournies par des soci\u00e9t\u00e9s affili\u00e9es ou tout autre tiers, y compris en ce qui concerne toute inexactitude ou omission. dans ce site Web et\/ou les produits de la soci\u00e9t\u00e9\u00a0;\u00a0(ii) exclut toute responsabilit\u00e9 pour les dommages d\u00e9coulant de ou en relation avec votre utilisation de ce site Web.\u00a0Cela inclut, sans limitation, les pertes directes, les pertes d&#8217;activit\u00e9 ou de b\u00e9n\u00e9fices (que la perte de ces b\u00e9n\u00e9fices soit ou non pr\u00e9visible, qu&#8217;elle soit survenue dans le produit normal ou que vous ayez inform\u00e9 cette soci\u00e9t\u00e9 de la possibilit\u00e9 d&#8217;une telle perte potentielle), les dommages caus\u00e9s \u00e0 votre ordinateur, vos logiciels, syst\u00e8mes et programmes informatiques et aux donn\u00e9es qu&#8217;ils contiennent, ou \u00e0 tout autre dommage direct ou indirect, cons\u00e9cutif et accidentel.<\/span><\/p>\n<p style=\"text-align: justify;\"><span>SANS LIMITATION DE CE QUI PR\u00c9C\u00c8DE, NOUS NE GARANTISSONS PAS QUE (A) LE(S) PRODUIT(S) R\u00c9PONDRONT \u00c0 VOS EXIGENCES OU ATTENTES OU ATTEINDRE LES FINS PR\u00c9VUES, (B) LES PRODUITS NE SUBIRONT PAS DE PANNES OU NE SERONT PAS ININTERROMPUS, OPPORTUNS, S\u00c9CURIS\u00c9S OU EXEMPT D&#8217;ERREURS, (C) QUE LES D\u00c9FAUTS SUR LES PRODUITS SERONT CORRIG\u00c9S.\u00a0VOUS ASSUMEZ TOUS LES RISQUES DE BLESSURES CORPORELLES, Y COMPRIS LE D\u00c9C\u00c8S ET LES DOMMAGES AUX BIENS PERSONNELS, SUBVENUS PAR L&#8217;UTILISATION DU (DES) PRODUIT(S).\u00a0FRAIS<\/span><\/p>\n<h4 style=\"text-align: justify;\"><span>Acheter un produit\u00a0:<\/span><\/h4>\n<p style=\"text-align: justify;\"><span>Nous proposons des produits payants moyennant des frais. Vous \u00eates responsable de payer tous les frais factur\u00e9s par Nous et les taxes applicables en temps opportun avec un m\u00e9canisme de paiement associ\u00e9 au(x) Produit(s) pay\u00e9(s) applicable(s). Lorsque vous effectuez un achat, vous vous engagez \u00e0 ne pas utiliser un mode de paiement invalide ou non autoris\u00e9. Nous nous r\u00e9servons le droit de d\u00e9sactiver l&#8217;acc\u00e8s \u00e0 tout produit pour lequel nous n&#8217;avons pas re\u00e7u un paiement ad\u00e9quat. Sauf indication contraire, tous les frais sont indiqu\u00e9s en euros. Vous \u00eates seul responsable de toutes les taxes de vente, sur la valeur ajout\u00e9e, retenues \u00e0 la source ou similaires qui s&#8217;appliquent \u00e0 votre achat, qu&#8217;il soit national ou \u00e9tranger. Vous pouvez acheter nos produits par carte de cr\u00e9dit :<\/span><\/p>\n<p style=\"text-align: justify;\"><span>Si vous choisissez de payer par carte de cr\u00e9dit, vous nous autorisez \u00e0 d\u00e9biter votre carte de cr\u00e9dit ou votre compte bancaire d&#8217;un montant correspondant aux frais applicables au produit.\u00a0En achetant un produit via notre site Web, vous consentez et acceptez par la pr\u00e9sente de respecter les conditions g\u00e9n\u00e9rales et les politiques de confidentialit\u00e9 de ces fournisseurs de services de paiement Internet tiers, et comprenez que nous n&#8217;avons aucun contr\u00f4le sur ces conditions g\u00e9n\u00e9rales client, et Les politiques de confidentialit\u00e9.\u00a0SI Vous N&#8217;ACCEPTEZ PAS les conditions g\u00e9n\u00e9rales ou les politiques de confidentialit\u00e9 de ces fournisseurs de services de paiement Internet tiers, N&#8217;ACHETEZ AUCUN PRODUIT.\u00a0Il est de votre seule responsabilit\u00e9 de trouver, lire et comprendre les politiques de tiers.<\/span><\/p>\n<p style=\"text-align: justify;\"><span>\u200d<\/span><\/p>\n<h4 style=\"text-align: justify;\"><span>RESTRICTIONS CLIENT<\/span><\/h4>\n<p style=\"text-align: justify;\"><span>En tant que client, vous vous engagez \u00e0 ne pas : contourner, d\u00e9sactiver ou interf\u00e9rer de toute autre mani\u00e8re avec les fonctionnalit\u00e9s li\u00e9es \u00e0 la s\u00e9curit\u00e9 du site Web ; D\u00e9nigrer, ternir ou autrement nuire, \u00e0 notre avis, au site Web et\/ou au service ; Utiliser le Produit d&#8217;une mani\u00e8re incompatible avec les lois ou r\u00e9glementations applicables ; Interf\u00e9rer, perturber ou cr\u00e9er une charge excessive sur le Service ou les r\u00e9seaux ou services connect\u00e9s au Service ; Vous ne partagerez pas l&#8217;acc\u00e8s \u00e0 notre produit avec un tiers (sauf autorisation \u00e9crite distincte de notre part) ; ne louerez pas, ne vendrez pas, n&#8217;accorderez pas, n&#8217;exploiterez pas de toute autre mani\u00e8re nos produits d&#8217;une mani\u00e8re interdite par les pr\u00e9sentes conditions. Tenter de contourner toute mesure du site Web con\u00e7ue pour emp\u00eacher ou restreindre l&#8217;acc\u00e8s au service ou \u00e0 toute partie du site Web.<\/span><\/p>\n<h4 style=\"text-align: justify;\"><span>CONTENU ET CONDUITE DE L&#8217;UTILISATEUR<\/span><\/h4>\n<p style=\"text-align: justify;\"><span>Dans le cas o\u00f9 nos services vous permettent de partager votre contenu (\u00ab\u00a0contenu utilisateur\u00a0\u00bb), vous conservez tous les droits de propri\u00e9t\u00e9 intellectuelle et \u00eates responsable du contenu utilisateur que vous cr\u00e9ez et partagez.\u00a0Cependant, en soumettant du contenu utilisateur, vous accordez aux autres utilisateurs et \u00e0 la soci\u00e9t\u00e9 le droit de partager votre contenu utilisateur via n&#8217;importe quelle plateforme de m\u00e9dias sociaux.\u00a0En tant qu&#8217;utilisateur du Site, vous vous engagez \u00e0 ne publier aucun Contenu interdit\u00a0:<\/span><\/p>\n<p style=\"text-align: justify;\"><span>\u200d<\/span><\/p>\n<p style=\"text-align: justify;\"><span>1. Langage ou contenu grossier\u00a0;<\/span><\/p>\n<p style=\"text-align: justify;\"><span>2. Contenu qui promeut, favorise ou perp\u00e9tue la discrimination sur<\/span><\/p>\n<p style=\"text-align: justify;\"><span>sur la base de la race, de la religion, du sexe, de l&#8217;\u00e9tat civil, de la situation familiale, de l&#8217;origine nationale, de l&#8217;\u00e2ge, d&#8217;un handicap mental ou physique, de l&#8217;orientation sexuelle, de l&#8217;identit\u00e9 de genre, de la source de revenus ou de tout autre statut prot\u00e9g\u00e9 en vertu de la loi applicable\u00a0;<\/span><\/p>\n<p style=\"text-align: justify;\"><span>3. Contenu sexuel inappropri\u00e9 ou liens vers du contenu sexuel inappropri\u00e9, de la nudit\u00e9 ou obsc\u00e8ne\u00a0;<\/span><\/p>\n<p style=\"text-align: justify;\"><span>4. Conduite ou encouragement d&#8217;activit\u00e9s ill\u00e9gales\u00a0;<\/span><\/p>\n<p style=\"text-align: justify;\"><span>5. Informations priv\u00e9es et confidentielles\u00a0;<\/span><\/p>\n<p style=\"text-align: justify;\"><span>6. Contenu qui viole un int\u00e9r\u00eat de propri\u00e9t\u00e9 l\u00e9gal de toute autre partie.<\/span><\/p>\n<h4 style=\"text-align: justify;\"><span>PROPRI\u00c9T\u00c9 INTELLECTUELLE DE NOTRE SOCI\u00c9T\u00c9<\/span><\/h4>\n<p style=\"text-align: justify;\"><span>Sauf indication contraire, ce site Web est notre propri\u00e9t\u00e9 exclusive ainsi que tous les codes sources, bases de donn\u00e9es, fonctionnalit\u00e9s, logiciels, conceptions de sites Web, audio, vid\u00e9o, textes, photographies et graphiques du site Web (collectivement, le \u00ab Contenu \u00bb) et les marques commerciales, services. les marques et les logos qu&#8217;elles contiennent (les \u00ab Marques \u00bb) sont d\u00e9tenus ou contr\u00f4l\u00e9s par Nous ou nous sont conc\u00e9d\u00e9s sous licence, et sont prot\u00e9g\u00e9s par les lois sur le droit d&#8217;auteur et les marques et divers autres droits de propri\u00e9t\u00e9 intellectuelle et les lois sur la concurrence d\u00e9loyale dans diverses juridictions, y compris l&#8217;UE et les \u00c9tats-Unis, internationales les lois sur le droit d\u2019auteur et les conventions internationales.<\/span><\/p>\n<h4 style=\"text-align: justify;\"><span>DUR\u00c9E ET R\u00c9SILIATION<\/span><\/h4>\n<p style=\"text-align: justify;\"><span>La Soci\u00e9t\u00e9 peut mettre fin \u00e0 votre acc\u00e8s \u00e0 tout ou partie du site Web, des services et\/ou des produits \u00e0 tout moment, avec ou sans motif, avec ou sans pr\u00e9avis, avec effet imm\u00e9diat.\u00a0<\/span><\/p>\n<h4 style=\"text-align: justify;\"><span>INDEMNIT\u00c9<\/span><\/h4>\n<p style=\"text-align: justify;\"><span>Vous acceptez d&#8217;indemniser, de d\u00e9fendre et de d\u00e9gager de toute responsabilit\u00e9 la Soci\u00e9t\u00e9 et ses soci\u00e9t\u00e9s affili\u00e9es, ainsi que leurs conc\u00e9dants de licence et fournisseurs de services respectifs, ainsi que tous les dirigeants, administrateurs, propri\u00e9taires, agents ou conc\u00e9dants de licence de ce qui pr\u00e9c\u00e8de (collectivement, les \u00ab\u00a0Parties indemnis\u00e9es\u00a0\u00bb) de et contre toutes les pertes, dommages, responsabilit\u00e9s et co\u00fbts, y compris les honoraires d&#8217;avocat raisonnables, subis par l&#8217;une des parties indemnis\u00e9es en relation avec toute r\u00e9clamation d\u00e9coulant de votre utilisation de notre site Web ou de nos produits, ou de toute violation par vous de ces Conditions.\u00a0En aucun cas, nous ne serons responsables de tout montant d\u00e9passant les frais pay\u00e9s pour les services\/produits command\u00e9s.<\/span><\/p>\n<h4 style=\"text-align: justify;\"><span>MODIFICATIONS APPORT\u00c9ES \u00c0 CES CONDITIONS<\/span><\/h4>\n<p style=\"text-align: justify;\"><span>Nous nous r\u00e9servons le droit de r\u00e9viser les Conditions \u00e0 notre seule discr\u00e9tion \u00e0 tout moment.\u00a0Toute r\u00e9vision des Conditions entrera en vigueur imm\u00e9diatement apr\u00e8s sa publication par Nous.\u00a0Pour toute modification importante des Conditions, nous prendrons des mesures raisonnables pour vous informer de ces modifications, via une banni\u00e8re sur le site Web, une notification par courrier \u00e9lectronique, une autre m\u00e9thode ou une combinaison de m\u00e9thodes.\u00a0Dans tous les cas, votre utilisation continue des Services\/Produits apr\u00e8s la publication de ces modifications, avec ou sans notification, constitue une acceptation contraignante des Conditions r\u00e9vis\u00e9es.<\/span><\/p>\n<p style=\"text-align: justify;\"><span>\u200d<\/span><\/p>\n<h4 style=\"text-align: justify;\"><span>DIVISIBILIT\u00c9<\/span><\/h4>\n<p style=\"text-align: justify;\"><span>S&#8217;il s&#8217;av\u00e8re qu&#8217;une disposition particuli\u00e8re des pr\u00e9sentes Conditions n&#8217;est pas applicable, cela n&#8217;affectera pas les autres conditions.\u00a0Si vous ne respectez pas ces Conditions et que nous ne prenons pas de mesures imm\u00e9diates, cela n&#8217;indique pas que nous renon\u00e7ons aux droits que nous pourrions avoir conform\u00e9ment aux pr\u00e9sentes Conditions ou accord\u00e9s par la loi.<\/span><\/p>\n<h4 style=\"text-align: justify;\"><span>LOI APPLICABLE ET JURIDICTION<\/span><\/h4>\n<p style=\"text-align: justify;\"><span>Les pr\u00e9sentes Conditions g\u00e9n\u00e9rales sont r\u00e9gies par les lois de France, les parties se soumettent \u00e0 la juridiction du tribunal de fran\u00e7ais, quelles que soient les r\u00e8gles de conflit de lois.<\/span><\/p>\n<h4 style=\"text-align: justify;\"><span>ACCORD COMPLET<\/span><\/h4>\n<p style=\"text-align: justify;\"><span>Les Conditions constituent le seul et entier accord entre vous et nous concernant ce site Web et remplacent tous les accords, accords, repr\u00e9sentations et garanties ant\u00e9rieurs et contemporains, tant \u00e9crits qu&#8217;oraux, concernant les services\/produits\/site Web.<\/span><\/p>\n<h4 style=\"text-align: justify;\"><span>NOUS CONTACTER<\/span><\/h4>\n<p style=\"text-align: justify;\">Pour des questions ou des pr\u00e9cisions concernant nos conditions et\/ou toute autre question li\u00e9e \u00e0 nos services\/produits, veuillez nous contacter \u00e0 <a href=\"mailto:content@cinnamondrop.fr\">content@cinnamondrop.fr<\/a> .<\/p>\n<p style=\"text-align: justify;\"><span>Notre adresse postale est :<\/span><\/p>\n<p style=\"text-align: justify;\"><span>\u00c0 l&#8217;attention de : Cannelle Mazaniello<\/span><\/p>\n<p style=\"text-align: justify;\"><span>Adresse : 7 rue Jean Mac\u00e9, 94120 Fontenay Sous Bois\u00a0<\/span><\/p>\n<p>[\/et_pb_text][\/et_pb_column][\/et_pb_row][\/et_pb_section]<\/p>\n","protected":false},"excerpt":{"rendered":"<p>Conditions G\u00e9n\u00e9rales de VenteDerni\u00e8re modification : 16 janvier 2024En utilisant ce site Web cinnamondrop.com (\u00ab Site Web \u00bb) et en effectuant un acaht, vous \u00eates pr\u00e9sum\u00e9 avoir lu et accept\u00e9 les termes et conditions suivants : La terminologie suivante s&#8217;applique aux pr\u00e9sentes Conditions g\u00e9n\u00e9rales de vente (Conditions), \u00e0 la Politique de confidentialit\u00e9 et \u00e0 tout [&hellip;]<\/p>\n","protected":false},"author":1,"featured_media":0,"parent":0,"menu_order":0,"comment_status":"closed","ping_status":"closed","template":"","meta":{"_et_pb_use_builder":"on","_et_pb_old_content":"","_et_gb_content_width":"","_monsterinsights_skip_tracking":false,"_monsterinsights_sitenote_active":false,"_monsterinsights_sitenote_note":"","_monsterinsights_sitenote_category":0,"footnotes":""},"class_list":["post-2277","page","type-page","status-publish","hentry"],"jetpack_sharing_enabled":true,"_links":{"self":[{"href":"https:\/\/cinnamondrop.com\/index.php\/wp-json\/wp\/v2\/pages\/2277","targetHints":{"allow":["GET"]}}],"collection":[{"href":"https:\/\/cinnamondrop.com\/index.php\/wp-json\/wp\/v2\/pages"}],"about":[{"href":"https:\/\/cinnamondrop.com\/index.php\/wp-json\/wp\/v2\/types\/page"}],"author":[{"embeddable":true,"href":"https:\/\/cinnamondrop.com\/index.php\/wp-json\/wp\/v2\/users\/1"}],"replies":[{"embeddable":true,"href":"https:\/\/cinnamondrop.com\/index.php\/wp-json\/wp\/v2\/comments?post=2277"}],"version-history":[{"count":3,"href":"https:\/\/cinnamondrop.com\/index.php\/wp-json\/wp\/v2\/pages\/2277\/revisions"}],"predecessor-version":[{"id":2282,"href":"https:\/\/cinnamondrop.com\/index.php\/wp-json\/wp\/v2\/pages\/2277\/revisions\/2282"}],"wp:attachment":[{"href":"https:\/\/cinnamondrop.com\/index.php\/wp-json\/wp\/v2\/media?parent=2277"}],"curies":[{"name":"wp","href":"https:\/\/api.w.org\/{rel}","templated":true}]}}