{"id":26,"date":"2023-12-06T09:14:39","date_gmt":"2023-12-06T08:14:39","guid":{"rendered":"https:\/\/cinnamondrop.com\/?page_id=26"},"modified":"2024-01-19T18:05:59","modified_gmt":"2024-01-19T17:05:59","slug":"about","status":"publish","type":"page","link":"https:\/\/cinnamondrop.com\/index.php\/about\/","title":{"rendered":"About"},"content":{"rendered":"<p>[et_pb_section fb_built=&#8221;1&#8243; next_background_color=&#8221;#FFF8E7&#8243; admin_label=&#8221;Header&#8221; _builder_version=&#8221;4.23.1&#8243; _module_preset=&#8221;default&#8221; background_color=&#8221;#F9EFDF&#8221; background_image=&#8221;https:\/\/cinnamondrop.com\/wp-content\/uploads\/2023\/12\/Ginger-9.png&#8221; custom_margin=&#8221;||-3px||false|false&#8221; custom_padding=&#8221;||129px||false|false&#8221; bottom_divider_style=&#8221;waves2&#8243; bottom_divider_height=&#8221;144px&#8221; bottom_divider_repeat=&#8221;1x&#8221; collapsed=&#8221;on&#8221; global_colors_info=&#8221;{}&#8221;][et_pb_row _builder_version=&#8221;4.23.1&#8243; _module_preset=&#8221;default&#8221; global_colors_info=&#8221;{}&#8221;][et_pb_column type=&#8221;4_4&#8243; _builder_version=&#8221;4.21.0&#8243; _module_preset=&#8221;default&#8221; global_colors_info=&#8221;{}&#8221;][et_pb_text _builder_version=&#8221;4.23.1&#8243; _module_preset=&#8221;52f0ef82-731c-4de8-9dec-042638c79dcf&#8221; header_font=&#8221;Kaushan Script||||||||&#8221; header_text_align=&#8221;center&#8221; header_text_color=&#8221;#8A322B&#8221; hover_enabled=&#8221;0&#8243; global_colors_info=&#8221;{}&#8221; sticky_enabled=&#8221;0&#8243; header_font_size_phone=&#8221;41px&#8221;]<\/p>\n<h1>About<\/h1>\n<p>[\/et_pb_text][\/et_pb_column][\/et_pb_row][\/et_pb_section][et_pb_section fb_built=&#8221;1&#8243; admin_label=&#8221;About&#8221; _builder_version=&#8221;4.23.1&#8243; _module_preset=&#8221;default&#8221; background_color=&#8221;#FFF8E7&#8243; custom_margin=&#8221;-13px||22px||false|false&#8221; custom_padding=&#8221;||30px|||&#8221; collapsed=&#8221;on&#8221; global_colors_info=&#8221;{}&#8221;][et_pb_row column_structure=&#8221;1_2,1_2&#8243; _builder_version=&#8221;4.23.1&#8243; _module_preset=&#8221;default&#8221; hover_enabled=&#8221;0&#8243; global_colors_info=&#8221;{}&#8221; sticky_enabled=&#8221;0&#8243; custom_margin=&#8221;|auto|-48px|auto||&#8221;][et_pb_column type=&#8221;1_2&#8243; _builder_version=&#8221;4.21.0&#8243; _module_preset=&#8221;default&#8221; global_colors_info=&#8221;{}&#8221;][et_pb_image src=&#8221;https:\/\/cinnamondrop.com\/wp-content\/uploads\/2023\/12\/P1010394.jpg&#8221; title_text=&#8221;OLYMPUS DIGITAL CAMERA&#8221; align=&#8221;center&#8221; _builder_version=&#8221;4.23.1&#8243; _module_preset=&#8221;default&#8221; width=&#8221;100%&#8221; width_tablet=&#8221;100%&#8221; width_phone=&#8221;100%&#8221; width_last_edited=&#8221;on|desktop&#8221; max_width=&#8221;100%&#8221; module_alignment=&#8221;center&#8221; min_height=&#8221;675px&#8221; height=&#8221;562px&#8221; max_height=&#8221;912px&#8221; custom_margin=&#8221;22px|2px||-17px|false|false&#8221; custom_padding=&#8221;|0px|||false|false&#8221; hover_enabled=&#8221;0&#8243; border_radii=&#8221;on|26px|26px|26px|26px&#8221; global_colors_info=&#8221;{}&#8221; min_height_last_edited=&#8221;on|phone&#8221; sticky_enabled=&#8221;0&#8243; custom_margin_last_edited=&#8221;on|tablet&#8221; custom_margin_tablet=&#8221;27px|2px||-17px|false|false&#8221; min_height_tablet=&#8221;675px&#8221; min_height_phone=&#8221;675px&#8221; custom_margin_phone=&#8221;27px|2px||-17px|false|false&#8221;][\/et_pb_image][\/et_pb_column][et_pb_column type=&#8221;1_2&#8243; _builder_version=&#8221;4.23.1&#8243; _module_preset=&#8221;default&#8221; hover_enabled=&#8221;0&#8243; global_colors_info=&#8221;{}&#8221; sticky_enabled=&#8221;0&#8243;][et_pb_text _builder_version=&#8221;4.23.1&#8243; _module_preset=&#8221;default&#8221; text_font=&#8221;Qwitcher Grypen|700|||||||&#8221; text_font_size=&#8221;97px&#8221; text_letter_spacing=&#8221;2px&#8221; header_font_size=&#8221;34px&#8221; width=&#8221;87%&#8221; min_height=&#8221;100px&#8221; height=&#8221;100px&#8221; custom_margin=&#8221;44px||-8px|-112px|false|false&#8221; custom_padding=&#8221;18px|21px|5px|0px|false|false&#8221; hover_enabled=&#8221;0&#8243; global_colors_info=&#8221;{}&#8221; custom_margin_last_edited=&#8221;on|phone&#8221; custom_margin_phone=&#8221;-423px||-8px|-8px|false|false&#8221; sticky_enabled=&#8221;0&#8243; header_font_size_last_edited=&#8221;on|phone&#8221; header_font_size_phone=&#8221;24px&#8221; custom_margin_tablet=&#8221;-684px||565px|37px|false|false&#8221; header_font_size_tablet=&#8221;34px&#8221;]<\/p>\n<h1>Et si je donnais une seconde vie \u00e0 mon contenu,<\/h1>\n<p>[\/et_pb_text][et_pb_text _builder_version=&#8221;4.23.1&#8243; _module_preset=&#8221;default&#8221; text_font_size=&#8221;18px&#8221; custom_margin=&#8221;18px|||-24px|false|false&#8221; hover_enabled=&#8221;0&#8243; global_colors_info=&#8221;{}&#8221; custom_margin_last_edited=&#8221;on|phone&#8221; custom_margin_phone=&#8221;329px|||-4px|false|false&#8221; sticky_enabled=&#8221;0&#8243; custom_margin_tablet=&#8221;|||-16px|false|false&#8221;]<\/p>\n<p style=\"text-align: justify;\">Avec plus de 11 000 photos et vid\u00e9os sur mon t\u00e9l\u00e9phone et un espace de stockage constamment satur\u00e9, on peut dire que capturer l\u2019instant pr\u00e9sent ou le mettre en sc\u00e8ne est devenu une seconde nature chez moi. <!-- notionvc: a88e2b28-beac-445d-9371-6dd8764f72cf --><\/p>\n<p>[\/et_pb_text][et_pb_text _builder_version=&#8221;4.23.1&#8243; _module_preset=&#8221;default&#8221; text_font_size=&#8221;18px&#8221; custom_margin=&#8221;|||-24px|false|false&#8221; hover_enabled=&#8221;0&#8243; global_colors_info=&#8221;{}&#8221; custom_margin_last_edited=&#8221;on|phone&#8221; custom_margin_phone=&#8221;|||-3px|false|false&#8221; sticky_enabled=&#8221;0&#8243; custom_margin_tablet=&#8221;|||-16px|false|false&#8221;]<\/p>\n<p style=\"text-align: justify;\">Seulement voil\u00e0, une fois mes reels et mes stories publi\u00e9es, mes contenus stagnent sur mon t\u00e9l\u00e9phone. Ils ne sont plus que des souvenirs dans lesquels je me plonge rarement. Dommage, non ? <!-- notionvc: 67eea41c-e037-42d2-97fd-76562c08cc33 --><\/p>\n<p>[\/et_pb_text][et_pb_text _builder_version=&#8221;4.23.1&#8243; _module_preset=&#8221;default&#8221; text_font_size=&#8221;18px&#8221; custom_margin=&#8221;|||-24px|false|false&#8221; hover_enabled=&#8221;0&#8243; global_colors_info=&#8221;{}&#8221; custom_margin_last_edited=&#8221;on|phone&#8221; custom_margin_phone=&#8221;|||-5px|false|false&#8221; sticky_enabled=&#8221;0&#8243; custom_margin_tablet=&#8221;|||-16px|false|false&#8221;]<\/p>\n<p>D\u2019autant plus lorsqu\u2019on pense \u00e0 tout ce qu\u2019il faut mobiliser pour cr\u00e9er du contenu. <!-- notionvc: 30f42825-8c7d-435b-9209-e0bff2b0f731 --><\/p>\n<p>[\/et_pb_text][et_pb_text _builder_version=&#8221;4.23.1&#8243; _module_preset=&#8221;default&#8221; text_font_size=&#8221;18px&#8221; custom_margin=&#8221;|||-24px|false|false&#8221; hover_enabled=&#8221;0&#8243; global_colors_info=&#8221;{}&#8221; sticky_enabled=&#8221;0&#8243; custom_margin_last_edited=&#8221;on|phone&#8221; custom_margin_phone=&#8221;|||-4px|false|false&#8221; content_last_edited=&#8221;on|phone&#8221; content_phone=&#8221;<\/p>\n<p style=%22text-align: justify;%22>Cr\u00e9er du contenu pour ses r\u00e9seaux sociaux demande du temps, de l\u2019\u00e9nergie, de la cr\u00e9ativit\u00e9 et de la logistique. Il faut trouver le lieu id\u00e9al, attendre la bonne lumi\u00e8re, investir dans des accessoires (aka le latte \u00e0 5\u20ac ou bien un gros bouquet de fleurs \u00e0 30\u20ac), trouver l\u2019angle qui fera une bonne prise de vue\u2026<\/p>\n<p style=%22text-align: justify;%22>Autant d\u2019\u00e9tapes tr\u00e8s stimulantes pour les esprits cr\u00e9atifs, mais r\u00e9barbatives pour les autres. Et, quand bien m\u00eame, on adore la cr\u00e9ation et la direction artistique, il est parfois difficile de se d\u00e9gager du temps pour cr\u00e9er du beau contenu \u00e0 proposer \u00e0 son audience.<\/p>\n<p style=%22text-align: center;%22>C\u2019est l\u00e0 que Cinnamon Drop intervient ! <!-- notionvc: b794ea48-7e9d-4041-beb8-487b781f0d47 --><\/p>\n<p>&#8221; custom_margin_tablet=&#8221;|||-16px|false|false&#8221; content_tablet=&#8221;<\/p>\n<p style=%22text-align: justify;%22>Cr\u00e9er du contenu pour ses r\u00e9seaux sociaux demande du temps, de l\u2019\u00e9nergie, de la cr\u00e9ativit\u00e9 et de la logistique. Il faut trouver le lieu id\u00e9al, attendre la bonne lumi\u00e8re, investir dans des accessoires (aka le latte \u00e0 5\u20ac ou bien un gros bouquet de fleurs \u00e0 30\u20ac), trouver l\u2019angle qui fera une bonne prise de vue\u2026<\/p>\n<p style=%22text-align: justify;%22>Autant d\u2019\u00e9tapes tr\u00e8s stimulantes pour les esprits cr\u00e9atifs, mais r\u00e9barbatives pour les autres. Et, quand bien m\u00eame, on adore la cr\u00e9ation et la direction artistique, il est parfois difficile de se d\u00e9gager du temps pour cr\u00e9er du beau contenu \u00e0 proposer \u00e0 son audience.<\/p>\n<p style=%22text-align: center;%22>C\u2019est l\u00e0 que Cinnamon Drop intervient ! <!-- notionvc: b794ea48-7e9d-4041-beb8-487b781f0d47 --><\/p>\n<p>&#8220;]<\/p>\n<p style=\"text-align: justify;\">Cr\u00e9er du contenu pour ses r\u00e9seaux sociaux demande du temps, de l\u2019\u00e9nergie, de la cr\u00e9ativit\u00e9 et de la logistique. Il faut trouver le lieu id\u00e9al, attendre la bonne lumi\u00e8re, investir dans des accessoires (aka le latte \u00e0 5\u20ac ou bien un gros bouquet de fleurs \u00e0 30\u20ac), trouver l\u2019angle qui fera une bonne prise de vue\u2026<\/p>\n<p style=\"text-align: justify;\">Autant d\u2019\u00e9tapes tr\u00e8s stimulantes pour les esprits cr\u00e9atifs, mais r\u00e9barbatives pour les autres. Et, quand bien m\u00eame, on adore la cr\u00e9ation et la direction artistique, il est parfois difficile de se d\u00e9gager du temps pour cr\u00e9er du beau contenu \u00e0 proposer \u00e0 son audience.<\/p>\n<p style=\"text-align: justify;\">C\u2019est l\u00e0 que Cinnamon Drop intervient ! <!-- notionvc: b794ea48-7e9d-4041-beb8-487b781f0d47 --><\/p>\n<p>[\/et_pb_text][\/et_pb_column][\/et_pb_row][\/et_pb_section][et_pb_section fb_built=&#8221;1&#8243; theme_builder_area=&#8221;post_content&#8221; _builder_version=&#8221;4.23.1&#8243; _module_preset=&#8221;default&#8221; title_text=&#8221;Ginger (9)&#8221; background_image=&#8221;https:\/\/cinnamondrop.com\/wp-content\/uploads\/2023\/12\/Ginger-9.png&#8221; top_divider_style=&#8221;waves2&#8243; bottom_divider_style=&#8221;waves2&#8243; hover_enabled=&#8221;0&#8243; sticky_enabled=&#8221;0&#8243; custom_padding=&#8221;||42px|||&#8221; prev_background_color=&#8221;#FFF8E7&#8243; next_background_color=&#8221;#FFF8E7&#8243;][et_pb_row _builder_version=&#8221;4.23.1&#8243; _module_preset=&#8221;default&#8221; theme_builder_area=&#8221;post_content&#8221;][et_pb_column _builder_version=&#8221;4.23.1&#8243; _module_preset=&#8221;default&#8221; type=&#8221;4_4&#8243; theme_builder_area=&#8221;post_content&#8221;][et_pb_text _builder_version=&#8221;4.23.1&#8243; _module_preset=&#8221;default&#8221; theme_builder_area=&#8221;post_content&#8221; hover_enabled=&#8221;0&#8243; sticky_enabled=&#8221;0&#8243; custom_padding=&#8221;17px||18px||false|false&#8221; header_line_height_last_edited=&#8221;on|phone&#8221; header_line_height_phone=&#8221;1.4em&#8221; content_last_edited=&#8221;on|phone&#8221; content_phone=&#8221;<\/p>\n<h1 style=%22text-align: center;%22><\/h1>\n<h1 style=%22text-align: center;%22>Gain de temps\u00a0 \u00a0 \u00a0 \u00c9conomie d&#8217;\u00e9nergie<\/h1>\n<h1 style=%22text-align: center;%22>S\u00e9r\u00e9nit\u00e9<\/h1>\n<h1 style=%22text-align: center;%22>Constance<\/h1>\n<p>&nbsp;<\/p>\n<p>&#8221; content_tablet=&#8221;<\/p>\n<h1 style=%22text-align: center;%22>Gain de temps\u00a0 \u00a0 \u00c9conomie\u00a0 d&#8217;\u00e9nergie\u00a0 \u00a0S\u00e9r\u00e9nit\u00e9\u00a0 \u00a0Constance<\/h1>\n<p>&nbsp;<\/p>\n<p>&#8221; header_font_size_last_edited=&#8221;on|tablet&#8221; header_font_size_tablet=&#8221;26px&#8221; custom_padding_last_edited=&#8221;on|tablet&#8221; custom_margin_last_edited=&#8221;on|tablet&#8221; custom_margin_tablet=&#8221;21px||||false|false&#8221; header_font_size_phone=&#8221;26px&#8221; custom_padding_tablet=&#8221;17px||18px||false|false&#8221; custom_padding_phone=&#8221;17px||18px||false|false&#8221; custom_margin_phone=&#8221;21px||||false|false&#8221;]<\/p>\n<h1 style=\"text-align: center;\"><\/h1>\n<h1 style=\"text-align: center;\">Gain de temps\u00a0 \u00a0 \u00a0 \u00a0\u00c9conomie d&#8217;\u00e9nergie\u00a0 \u00a0 \u00a0 \u00a0S\u00e9r\u00e9nit\u00e9\u00a0 \u00a0 \u00a0 \u00a0Constance<\/h1>\n<p>&nbsp;<\/p>\n<p>[\/et_pb_text][\/et_pb_column][\/et_pb_row][\/et_pb_section][et_pb_section fb_built=&#8221;1&#8243; admin_label=&#8221;About&#8221; _builder_version=&#8221;4.23.1&#8243; _module_preset=&#8221;default&#8221; background_color=&#8221;#FFF8E7&#8243; custom_margin=&#8221;-13px||22px||false|false&#8221; custom_padding=&#8221;65px||30px|||&#8221; collapsed=&#8221;on&#8221; global_colors_info=&#8221;{}&#8221;][et_pb_row column_structure=&#8221;3_5,2_5&#8243; _builder_version=&#8221;4.23.1&#8243; _module_preset=&#8221;default&#8221; global_colors_info=&#8221;{}&#8221;][et_pb_column type=&#8221;3_5&#8243; _builder_version=&#8221;4.23.1&#8243; _module_preset=&#8221;default&#8221; global_colors_info=&#8221;{}&#8221;][et_pb_text _builder_version=&#8221;4.23.1&#8243; _module_preset=&#8221;default&#8221; text_font=&#8221;Qwitcher Grypen|700|||||||&#8221; text_font_size=&#8221;97px&#8221; text_letter_spacing=&#8221;2px&#8221; header_font_size=&#8221;34px&#8221; width=&#8221;87%&#8221; min_height=&#8221;100px&#8221; height=&#8221;100px&#8221; custom_margin=&#8221;3px||-42px|181px|false|false&#8221; custom_padding=&#8221;0px|21px|0px|0px|false|false&#8221; hover_enabled=&#8221;0&#8243; global_colors_info=&#8221;{}&#8221; content_last_edited=&#8221;on|phone&#8221; content_phone=&#8221;<\/p>\n<h3 style=%22text-align: center;%22>Le concept<\/h3>\n<h3 style=%22text-align: center;%22>Cinnamon Drop<!-- notionvc: 0c95e021-c14c-4745-9ca2-520d726cb365 --><\/h3>\n<p>&#8221; custom_margin_last_edited=&#8221;on|phone&#8221; custom_margin_phone=&#8221;-55px||-5px|20px|false|false&#8221; header_3_line_height_last_edited=&#8221;on|phone&#8221; header_3_line_height_phone=&#8221;1.1em&#8221; sticky_enabled=&#8221;0&#8243; custom_margin_tablet=&#8221;-35px|||165px|false|false&#8221; content_tablet=&#8221;<\/p>\n<h3 style=%22text-align: left;%22>Le concept Cinnamon Drop<!-- notionvc: 0c95e021-c14c-4745-9ca2-520d726cb365 --><\/h3>\n<p>&#8220;]<\/p>\n<h3 style=\"text-align: left;\">Le concept Cinnamon Drop<!-- notionvc: 0c95e021-c14c-4745-9ca2-520d726cb365 --><\/h3>\n<p>[\/et_pb_text][et_pb_text _builder_version=&#8221;4.23.1&#8243; _module_preset=&#8221;default&#8221; text_font=&#8221;Cormorant Garamond|500|||||||&#8221; text_text_color=&#8221;#B16C46&#8243; text_font_size=&#8221;19px&#8221; locked=&#8221;off&#8221; global_colors_info=&#8221;{}&#8221;]<\/p>\n<p style=\"text-align: justify;\">Vid\u00e9os de stock, footage, background, b-roll\u2026 Les termes sont nombreux mais ils d\u00e9signent tous du contenu vid\u00e9o libre de droit, que l\u2019on peut utiliser \u00e0 des fins commerciales, con\u00e7u pour les r\u00e9seaux sociaux, qui ne mette pas en avant une personne. C\u2019est un concept fleurissant qui fait \u00e9cho \u00e0 l\u2019essor du format vid\u00e9o sur les r\u00e9seaux sociaux et la n\u00e9cessit\u00e9 de poster du contenu r\u00e9guli\u00e8rement pour satisfaire son audience et accro\u00eetre le pouvoir d\u2019attraction de sa marque.<!-- notionvc: 5f6089b2-7cac-4907-be9e-34ccc0937e14 --><\/p>\n<p style=\"text-align: justify;\">Cinnamon Drop se positionne diff\u00e9remment des autres acteurs du secteur en te proposant du contenu esth\u00e9tique mais pas trop. L\u2019objectif est de miser sur le r\u00e9alisme et le home made pour entretenir une certaine proximit\u00e9 avec son audience. Car l\u2019authenticit\u00e9 s\u2019entretient et passe aussi par le visuel et le style de contenu qu\u2019on propose. <!-- notionvc: 0fc20c50-48a6-4862-8a95-b3fdb4be5886 --><!-- notionvc: 381bc308-54df-42e8-81c6-7676461ae8de --><\/p>\n<p><!-- notionvc: 75407a23-d7db-446f-95b8-916ab6352ea1 --><\/p>\n<p>[\/et_pb_text][et_pb_text _builder_version=&#8221;4.23.1&#8243; _module_preset=&#8221;default&#8221; background_video_mp4=&#8221;https:\/\/cinnamondrop.com\/wp-content\/uploads\/2023\/12\/plante-verte-3.mp4&#8243; width=&#8221;83%&#8221; max_width=&#8221;100%&#8221; height=&#8221;919px&#8221; hover_enabled=&#8221;0&#8243; border_radii=&#8221;on|33px|33px|33px|33px&#8221; global_colors_info=&#8221;{}&#8221; content_last_edited=&#8221;off|desktop&#8221; min_height_last_edited=&#8221;on|phone&#8221; min_height_phone=&#8221;630px&#8221; height_last_edited=&#8221;on|phone&#8221; custom_margin=&#8221;-33px|||52px|false|false&#8221; sticky_enabled=&#8221;0&#8243; custom_margin_last_edited=&#8221;on|phone&#8221; custom_margin_phone=&#8221;|||0px|false|false&#8221; custom_margin_tablet=&#8221;-20px||||false|false&#8221; min_height_tablet=&#8221;827px&#8221; module_alignment=&#8221;center&#8221; width_last_edited=&#8221;on|tablet&#8221; width_tablet=&#8221;75%&#8221; height_tablet=&#8221;919px&#8221; height_phone=&#8221;919px&#8221; width_phone=&#8221;75%&#8221;][\/et_pb_text][\/et_pb_column][et_pb_column type=&#8221;2_5&#8243; _builder_version=&#8221;4.23.1&#8243; _module_preset=&#8221;default&#8221; global_colors_info=&#8221;{}&#8221;][et_pb_text _builder_version=&#8221;4.23.1&#8243; _module_preset=&#8221;default&#8221; text_font=&#8221;Qwitcher Grypen|700|||||||&#8221; text_font_size=&#8221;97px&#8221; text_letter_spacing=&#8221;2px&#8221; header_font_size=&#8221;34px&#8221; width=&#8221;87%&#8221; min_height=&#8221;100px&#8221; height=&#8221;100px&#8221; custom_margin=&#8221;201px||-42px|0px|false|false&#8221; custom_padding=&#8221;0px|30px|0px|0px|false|false&#8221; hover_enabled=&#8221;0&#8243; global_colors_info=&#8221;{}&#8221; content_last_edited=&#8221;on|phone&#8221; content_phone=&#8221;<\/p>\n<h2 style=%22text-align: center;%22>Authenticity first !<\/h2>\n<p>&#8221; custom_margin_last_edited=&#8221;on|phone&#8221; custom_margin_phone=&#8221;-1px||-63px|36px|false|false&#8221; sticky_enabled=&#8221;0&#8243; custom_margin_tablet=&#8221;10px||||false|false&#8221; content_tablet=&#8221;<\/p>\n<h2>Authenticity first !<\/h2>\n<p>&#8220;]<\/p>\n<h2>Authenticity first !<\/h2>\n<p>[\/et_pb_text][et_pb_text _builder_version=&#8221;4.23.1&#8243; _module_preset=&#8221;default&#8221; text_font=&#8221;Cormorant Garamond|500|||||||&#8221; text_text_color=&#8221;#B16C46&#8243; text_font_size=&#8221;19px&#8221; hover_enabled=&#8221;0&#8243; global_colors_info=&#8221;{}&#8221; custom_margin=&#8221;-4px||||false|false&#8221; sticky_enabled=&#8221;0&#8243;]<\/p>\n<p style=\"text-align: justify;\">Je n\u2019ai rien invent\u00e9 ! Les vid\u00e9os libres de droit existent depuis longtemps et de nouvelles plateformes apparaissent chaque jour.<\/p>\n<p style=\"text-align: justify;\">Mais, quand elles ne proposent pas du contenu digne de la d\u00e9mo de Windows 98, elles t\u2019offrent un contenu tellement aesthetic qu\u2019il en devient presque fake. On tombe vite dans l\u2019engrenage, parce qu\u2019on veut cultiver cet univers aesthetic co\u00fbte que co\u00fbte, jusqu\u2019\u00e0 finir par alimenter un compte qui manque d\u2019authenticit\u00e9. Pire encore, on finit par perdre son unicit\u00e9 en proposant exactement le m\u00eame clip vid\u00e9o que des milliers d\u2019autres comptes.<\/p>\n<p style=\"text-align: justify;\">Cinnamon Drop Content propose des s\u00e9quences aesthetic mais pas trop pour un aspect r\u00e9aliste et home made et garder une certaine proximit\u00e9 avec ton audience et cr\u00e9er du contenu qui lui parle.<!-- notionvc: 381bc308-54df-42e8-81c6-7676461ae8de --><\/p>\n<p><!-- notionvc: 75407a23-d7db-446f-95b8-916ab6352ea1 --><\/p>\n<p>[\/et_pb_text][et_pb_button button_url=&#8221;@ET-DC@eyJkeW5hbWljIjp0cnVlLCJjb250ZW50IjoicG9zdF9saW5rX3VybF9wYWdlIiwic2V0dGluZ3MiOnsicG9zdF9pZCI6IjY2In19@&#8221; button_text=&#8221;Je d\u00e9couvre&#8221; _builder_version=&#8221;4.23.1&#8243; _dynamic_attributes=&#8221;button_url&#8221; _module_preset=&#8221;default&#8221; custom_button=&#8221;on&#8221; button_text_color=&#8221;#B16C46&#8243; button_border_width=&#8221;1px&#8221; button_font=&#8221;Kaushan Script||||||||&#8221; button_use_icon=&#8221;off&#8221; custom_margin=&#8221;67px|||84px|false|false&#8221; custom_padding=&#8221;0px||||false|false&#8221; hover_enabled=&#8221;0&#8243; box_shadow_style=&#8221;preset1&#8243; box_shadow_color=&#8221;#E0C79E&#8221; global_colors_info=&#8221;{}&#8221; sticky_enabled=&#8221;0&#8243; custom_margin_last_edited=&#8221;on|phone&#8221; custom_margin_phone=&#8221;-5px||70px|84px|false|false&#8221; custom_margin_tablet=&#8221;32px|||122px|false|false&#8221;][\/et_pb_button][et_pb_image src=&#8221;https:\/\/cinnamondrop.com\/wp-content\/uploads\/2023\/12\/GD8.png&#8221; title_text=&#8221;GD8&#8243; _builder_version=&#8221;4.23.1&#8243; _module_preset=&#8221;default&#8221; custom_margin=&#8221;-75px|-207px|-182px|57px|false|false&#8221; custom_padding=&#8221;|0px|0px|54px|false|false&#8221; hover_enabled=&#8221;0&#8243; global_colors_info=&#8221;{}&#8221; sticky_enabled=&#8221;0&#8243; custom_margin_last_edited=&#8221;on|phone&#8221; custom_margin_phone=&#8221;-127px|||-45px|false|false&#8221; width_last_edited=&#8221;on|tablet&#8221; width_tablet=&#8221;85%&#8221; custom_margin_tablet=&#8221;-124px|||147px|false|false&#8221; width_phone=&#8221;85%&#8221;][\/et_pb_image][\/et_pb_column][\/et_pb_row][\/et_pb_section]<\/p>\n","protected":false},"excerpt":{"rendered":"<p>AboutEt si je donnais une seconde vie \u00e0 mon contenu,Avec plus de 11 000 photos et vid\u00e9os sur mon t\u00e9l\u00e9phone et un espace de stockage constamment satur\u00e9, on peut dire que capturer l\u2019instant pr\u00e9sent ou le mettre en sc\u00e8ne est devenu une seconde nature chez moi. Seulement voil\u00e0, une fois mes reels et mes stories [&hellip;]<\/p>\n","protected":false},"author":1,"featured_media":0,"parent":0,"menu_order":0,"comment_status":"closed","ping_status":"closed","template":"","meta":{"_et_pb_use_builder":"on","_et_pb_old_content":"","_et_gb_content_width":"","_monsterinsights_skip_tracking":false,"_monsterinsights_sitenote_active":false,"_monsterinsights_sitenote_note":"","_monsterinsights_sitenote_category":0,"footnotes":""},"class_list":["post-26","page","type-page","status-publish","hentry"],"jetpack_sharing_enabled":true,"_links":{"self":[{"href":"https:\/\/cinnamondrop.com\/index.php\/wp-json\/wp\/v2\/pages\/26","targetHints":{"allow":["GET"]}}],"collection":[{"href":"https:\/\/cinnamondrop.com\/index.php\/wp-json\/wp\/v2\/pages"}],"about":[{"href":"https:\/\/cinnamondrop.com\/index.php\/wp-json\/wp\/v2\/types\/page"}],"author":[{"embeddable":true,"href":"https:\/\/cinnamondrop.com\/index.php\/wp-json\/wp\/v2\/users\/1"}],"replies":[{"embeddable":true,"href":"https:\/\/cinnamondrop.com\/index.php\/wp-json\/wp\/v2\/comments?post=26"}],"version-history":[{"count":20,"href":"https:\/\/cinnamondrop.com\/index.php\/wp-json\/wp\/v2\/pages\/26\/revisions"}],"predecessor-version":[{"id":2370,"href":"https:\/\/cinnamondrop.com\/index.php\/wp-json\/wp\/v2\/pages\/26\/revisions\/2370"}],"wp:attachment":[{"href":"https:\/\/cinnamondrop.com\/index.php\/wp-json\/wp\/v2\/media?parent=26"}],"curies":[{"name":"wp","href":"https:\/\/api.w.org\/{rel}","templated":true}]}}