{"id":28,"date":"2023-12-06T09:14:57","date_gmt":"2023-12-06T08:14:57","guid":{"rendered":"https:\/\/cinnamondrop.com\/?page_id=28"},"modified":"2024-01-26T14:23:56","modified_gmt":"2024-01-26T13:23:56","slug":"faq","status":"publish","type":"page","link":"https:\/\/cinnamondrop.com\/index.php\/faq\/","title":{"rendered":"FAQ"},"content":{"rendered":"<p>[et_pb_section fb_built=&#8221;1&#8243; custom_padding_last_edited=&#8221;on|phone&#8221; next_background_color=&#8221;#FFF8E7&#8243; _builder_version=&#8221;4.23.1&#8243; _module_preset=&#8221;default&#8221; background_color=&#8221;#FFF8E7&#8243; background_image=&#8221;https:\/\/cinnamondrop.com\/wp-content\/uploads\/2023\/12\/Ginger-9.png&#8221; custom_padding=&#8221;58px||84px||false|false&#8221; custom_padding_tablet=&#8221;58px||84px||false|false&#8221; custom_padding_phone=&#8221;8px||73px||false|false&#8221; bottom_divider_style=&#8221;waves2&#8243; global_colors_info=&#8221;{}&#8221;][et_pb_row _builder_version=&#8221;4.23.1&#8243; _module_preset=&#8221;default&#8221; global_colors_info=&#8221;{}&#8221;][et_pb_column type=&#8221;4_4&#8243; _builder_version=&#8221;4.23.1&#8243; _module_preset=&#8221;default&#8221; global_colors_info=&#8221;{}&#8221;][et_pb_text _builder_version=&#8221;4.23.1&#8243; _module_preset=&#8221;default&#8221; header_font_size=&#8221;41px&#8221; header_letter_spacing=&#8221;4px&#8221; header_line_height=&#8221;1.5em&#8221; background_enable_image=&#8221;off&#8221; header_font_size_tablet=&#8221;41px&#8221; header_font_size_phone=&#8221;33px&#8221; header_font_size_last_edited=&#8221;on|phone&#8221; global_colors_info=&#8221;{}&#8221;]<\/p>\n<h1 style=\"text-align: center;\">Foire aux questions<\/h1>\n<p>[\/et_pb_text][\/et_pb_column][\/et_pb_row][\/et_pb_section][et_pb_section fb_built=&#8221;1&#8243; _builder_version=&#8221;4.23.1&#8243; _module_preset=&#8221;default&#8221; background_color=&#8221;#FFF8E7&#8243; global_colors_info=&#8221;{}&#8221;][et_pb_row _builder_version=&#8221;4.23.1&#8243; _module_preset=&#8221;default&#8221; global_colors_info=&#8221;{}&#8221;][et_pb_column type=&#8221;4_4&#8243; _builder_version=&#8221;4.23.1&#8243; _module_preset=&#8221;default&#8221; global_colors_info=&#8221;{}&#8221;][et_pb_accordion open_toggle_text_color=&#8221;#B16C46&#8243; open_toggle_background_color=&#8221;#FFFFFF&#8221; closed_toggle_background_color=&#8221;#F9EFDF&#8221; toggle_icon=&#8221;&#xf06e;||fa||400&#8243; _builder_version=&#8221;4.23.1&#8243; _module_preset=&#8221;default&#8221; toggle_text_color=&#8221;#8A322B&#8221; toggle_font_size=&#8221;20px&#8221; toggle_letter_spacing=&#8221;1px&#8221; toggle_line_height=&#8221;1.1em&#8221; body_text_color=&#8221;#B16C46&#8243; body_font_size=&#8221;16px&#8221; width_tablet=&#8221;&#8221; width_phone=&#8221;&#8221; width_last_edited=&#8221;on|phone&#8221; height_tablet=&#8221;&#8221; height_phone=&#8221;1000px&#8221; height_last_edited=&#8221;on|phone&#8221; custom_margin_tablet=&#8221;&#8221; custom_margin_phone=&#8221;||-314px||false|false&#8221; custom_margin_last_edited=&#8221;on|phone&#8221; hover_enabled=&#8221;0&#8243; closed_toggle_font_size_tablet=&#8221;&#8221; closed_toggle_font_size_phone=&#8221;13px&#8221; closed_toggle_font_size_last_edited=&#8221;on|phone&#8221; border_color_all=&#8221;#E0C79E&#8221; global_colors_info=&#8221;{}&#8221; sticky_enabled=&#8221;0&#8243;][et_pb_accordion_item title=&#8221;Comment \u00e7a fonctionne ? &#8221; _builder_version=&#8221;4.23.1&#8243; _module_preset=&#8221;default&#8221; hover_enabled=&#8221;0&#8243; sticky_enabled=&#8221;0&#8243;]<\/p>\n<p>Choisis les vid\u00e9os que tu souhaites utiliser parmi la biblioth\u00e8que Cinnamon Drop.\u00a0<\/p>\n<p>Valide ton panier.<\/p>\n<p>Une fois le paiement accept\u00e9, tu pourras t\u00e9l\u00e9charger directement les vid\u00e9os command\u00e9es.<\/p>\n<p>La page &#8220;Commande termin\u00e9e, r\u00e9capitulatif de commande et facture&#8221; te donne directement acc\u00e8s aux t\u00e9l\u00e9lchargements. Il suffit de cliquer sur le lien pour lancer le t\u00e9l\u00e9chargement.\u00a0<\/p>\n<p>Si tu as quitt\u00e9 la page, pas de probl\u00e8me.\u00a0<\/p>\n<p>Tu re\u00e7ois ton r\u00e9capitulatif de commande dans ta bo\u00eete mail avec les liens de t\u00e9l\u00e9chargements.\u00a0<\/p>\n<p>[\/et_pb_accordion_item][et_pb_accordion_item title=&#8221;T\u00e9l\u00e9chargement sur iPad et iPhone &#8221; _builder_version=&#8221;4.23.1&#8243; _module_preset=&#8221;default&#8221; hover_enabled=&#8221;0&#8243; sticky_enabled=&#8221;0&#8243;]<\/p>\n<p>1. Vas dans ta bo\u00eete mail et trouve ton mail r\u00e9capitulatif de commande (rel\u00e8ve le courrier et v\u00e9rifie tes spams).\u00a0<\/p>\n<p>2. Clique sur le lien de t\u00e9l\u00e9chargement de la vid\u00e9o.\u00a0<\/p>\n<p>3. Choisis le navigateur via lequel tu vas effectuer le t\u00e9l\u00e9chargement.\u00a0<\/p>\n<p>4. Le fichier zip appara\u00eet. Appuie sur &#8220;Ouvrir dans&#8230;&#8221;<\/p>\n<p>5. S\u00e9lectionne &#8220;Enregistrer dans Fichiers&#8221; puis appuie sur &#8220;Enregistrer&#8221; en haut \u00e0 droite.\u00a0<\/p>\n<p>6. Trouve le fichier .zip avec le nom de la vid\u00e9o et clique dessus.<\/p>\n<p>7. Le t\u00e9l\u00e9chargement est lanc\u00e9<\/p>\n<p>8. Gr\u00e2ce \u00e0 l&#8217;ic\u00f4ne de partage, enregistre la vid\u00e9o dans ta pellicule.\u00a0<\/p>\n<p>9. Ensuite, c&#8217;est \u00e0 toi de jouer !\u00a0<\/p>\n<p>[\/et_pb_accordion_item][et_pb_accordion_item title=&#8221;J&#8217;ai combien de temps pour faire mes t\u00e9l\u00e9chargements ? &#8221; _builder_version=&#8221;4.23.1&#8243; _module_preset=&#8221;default&#8221; hover_enabled=&#8221;0&#8243; sticky_enabled=&#8221;0&#8243;]<\/p>\n<p>Les liens de t\u00e9l\u00e9chargement expirent au bout de 5 jours.\u00a0<\/p>\n<p>Tu as donc 5 jours pour t\u00e9l\u00e9charger les vid\u00e9os.\u00a0<\/p>\n<p>[\/et_pb_accordion_item][et_pb_accordion_item title=&#8221;J&#8217;aimerais un remboursement &#8221; _builder_version=&#8221;4.23.1&#8243; _module_preset=&#8221;default&#8221; global_colors_info=&#8221;{}&#8221; open=&#8221;on&#8221;]<\/p>\n<p><span>Comme \u00e9nonc\u00e9 dans les CGV, en raison de la nature des t\u00e9l\u00e9chargements num\u00e9riques et des produits num\u00e9riques, toutes les ventes sont d\u00e9finitives !<\/span><\/p>\n<p><span>Aucun retour ni remboursement ne sera accept\u00e9.\u00a0<\/span><\/p>\n<p>[\/et_pb_accordion_item][et_pb_accordion_item title=&#8221;J&#8217;ai besoin d&#8217;aide, \u00e0 qui puis-je m&#8217;adresser ? &#8221; _builder_version=&#8221;4.23.1&#8243; _module_preset=&#8221;default&#8221; global_colors_info=&#8221;{}&#8221; open=&#8221;off&#8221;]<\/p>\n<p>Je suis disponible par mail \u00e0 l&#8217;adresse <a href=\"mailto:content@cinnamondrop.fr\">content@cinnamondrop.fr<\/a> pour toutes questions ou besoin d&#8217;assistance.<\/p>\n<p>[\/et_pb_accordion_item][et_pb_accordion_item title=&#8221;Comment sont envoy\u00e9es les vid\u00e9os ? &#8221; open=&#8221;off&#8221; _builder_version=&#8221;4.23.1&#8243; _module_preset=&#8221;default&#8221; global_colors_info=&#8221;{}&#8221;]<\/p>\n<p>Les fichiers sont envoy\u00e9s par mail une fois l&#8217;achat finalis\u00e9 \u00e0 l&#8217;adresse indiqu\u00e9 lors de la commande. <br \/>Ils sont alors envoy\u00e9s en format MOV.zip il faut donc les d\u00e9zipper pour pouvoir les lire et les utiliser.<\/p>\n<p>[\/et_pb_accordion_item][et_pb_accordion_item title=&#8221;Quelles sont les limites d&#8217;utilisation des vid\u00e9os ?&#8221; _builder_version=&#8221;4.23.1&#8243; _module_preset=&#8221;default&#8221; global_colors_info=&#8221;{}&#8221; open=&#8221;off&#8221;]<\/p>\n<p>Les vid\u00e9os Cinnamon Drop sont libres de droit. Elles peuvent \u00eatre diffus\u00e9es sur les r\u00e9seaux sociaux (pro, perso, en t\u00e9l\u00e9vision&#8230;).\u00a0<br \/>Il est n\u00e9anmoins interdit de les revendre ou de les partager avec un tiers.\u00a0<br \/>Pour plus d&#8217;informations, merci de consulter les pages <a href=\"https:\/\/cinnamondrop.com\/index.php\/cgv\/\">CGV<\/a> et <a href=\"https:\/\/cinnamondrop.com\/index.php\/licence-commerciale\/\">Licence Commerciale<\/a><\/p>\n<p>[\/et_pb_accordion_item][et_pb_accordion_item title=&#8221;J&#8217;aimerais voir les vid\u00e9os en action&#8221; _builder_version=&#8221;4.23.1&#8243; _module_preset=&#8221;default&#8221; global_colors_info=&#8221;{}&#8221; open=&#8221;off&#8221;]<\/p>\n<p>Rendez-vous sur le compte Instagram @cinnamondropsocials pour voir les b-roll en action, prendre de l&#8217;inspiration et recevoir des conseils en mati\u00e8re de social media management et cr\u00e9ation de contenu.\u00a0<\/p>\n<p>[\/et_pb_accordion_item][et_pb_accordion_item title=&#8221;Combien de newletter vais-je recevoir ? &#8221; _builder_version=&#8221;4.23.1&#8243; _module_preset=&#8221;default&#8221; global_colors_info=&#8221;{}&#8221; open=&#8221;off&#8221;]<\/p>\n<p>Aucune !\u00a0<br \/>Contrairement \u00e0 tous les pro du digital, je d\u00e9teste l&#8217;emailing.<\/p>\n<p>Alors, \u00e0 l&#8217;heure actuelle, aucun mail marketing n&#8217;est pr\u00e9vu.\u00a0<br \/>Pour rester en contact et \u00eatre au courant des nouveaut\u00e9s, rendez-vous sur Instagram @cinnamondropsocials.\u00a0<\/p>\n<p>[\/et_pb_accordion_item][et_pb_accordion_item title=&#8221;Quelle est la taille d&#8217;une vid\u00e9o ? &#8221; _builder_version=&#8221;4.23.1&#8243; _module_preset=&#8221;default&#8221; global_colors_info=&#8221;{}&#8221; open=&#8221;off&#8221;]<\/p>\n<p>Dur\u00e9e, dimensions, et fichier peuvent varier d&#8217;une vid\u00e9o \u00e0 l&#8217;autre. C&#8217;est pourquoi tout est sp\u00e9cifi\u00e9 sous chaque page produit.\u00a0<\/p>\n<p>Globalement, ce sont des vid\u00e9os de 1080 x 1920px ou 2160 x 3840px. Elles sont envoy\u00e9es par mail sous la forme d&#8217;un fichier MOV.zip ou .mp4.\u00a0<\/p>\n<p>[\/et_pb_accordion_item][\/et_pb_accordion][\/et_pb_column][\/et_pb_row][\/et_pb_section]<\/p>\n","protected":false},"excerpt":{"rendered":"<p>Foire aux questionsChoisis les vid\u00e9os que tu souhaites utiliser parmi la biblioth\u00e8que Cinnamon Drop.\u00a0 Valide ton panier. Une fois le paiement accept\u00e9, tu pourras t\u00e9l\u00e9charger directement les vid\u00e9os command\u00e9es. La page &#8220;Commande termin\u00e9e, r\u00e9capitulatif de commande et facture&#8221; te donne directement acc\u00e8s aux t\u00e9l\u00e9lchargements. Il suffit de cliquer sur le lien pour lancer le t\u00e9l\u00e9chargement.\u00a0 [&hellip;]<\/p>\n","protected":false},"author":1,"featured_media":0,"parent":0,"menu_order":0,"comment_status":"closed","ping_status":"closed","template":"","meta":{"_et_pb_use_builder":"on","_et_pb_old_content":"<!-- wp:divi\/placeholder \/-->","_et_gb_content_width":"","_monsterinsights_skip_tracking":false,"_monsterinsights_sitenote_active":false,"_monsterinsights_sitenote_note":"","_monsterinsights_sitenote_category":0,"footnotes":""},"class_list":["post-28","page","type-page","status-publish","hentry"],"jetpack_sharing_enabled":true,"_links":{"self":[{"href":"https:\/\/cinnamondrop.com\/index.php\/wp-json\/wp\/v2\/pages\/28","targetHints":{"allow":["GET"]}}],"collection":[{"href":"https:\/\/cinnamondrop.com\/index.php\/wp-json\/wp\/v2\/pages"}],"about":[{"href":"https:\/\/cinnamondrop.com\/index.php\/wp-json\/wp\/v2\/types\/page"}],"author":[{"embeddable":true,"href":"https:\/\/cinnamondrop.com\/index.php\/wp-json\/wp\/v2\/users\/1"}],"replies":[{"embeddable":true,"href":"https:\/\/cinnamondrop.com\/index.php\/wp-json\/wp\/v2\/comments?post=28"}],"version-history":[{"count":12,"href":"https:\/\/cinnamondrop.com\/index.php\/wp-json\/wp\/v2\/pages\/28\/revisions"}],"predecessor-version":[{"id":2468,"href":"https:\/\/cinnamondrop.com\/index.php\/wp-json\/wp\/v2\/pages\/28\/revisions\/2468"}],"wp:attachment":[{"href":"https:\/\/cinnamondrop.com\/index.php\/wp-json\/wp\/v2\/media?parent=28"}],"curies":[{"name":"wp","href":"https:\/\/api.w.org\/{rel}","templated":true}]}}